{"id":610,"date":"2021-02-16T13:01:49","date_gmt":"2021-02-16T13:01:49","guid":{"rendered":"http:\/\/ddf.misterblue.es\/?page_id=610\/"},"modified":"2021-05-24T15:56:49","modified_gmt":"2021-05-24T15:56:49","slug":"contacto","status":"publish","type":"page","link":"http:\/\/www.ddfluor.com.br\/es\/contacto\/","title":{"rendered":"Contacto"},"content":{"rendered":"<div class=\"wpb-content-wrapper\"><p>[vc_row full_width=\u00bbstretch_row\u00bb css=\u00bb.vc_custom_1613737397109{background-image: url(http:\/\/ddfluor.com.br\/wp-content\/uploads\/2021\/02\/cabecera_contacto.jpg?id=712) !important;background-position: center !important;background-repeat: no-repeat !important;background-size: cover !important;}\u00bb el_class=\u00bbtitular\u00bb][vc_column][vc_column_text css=\u00bb.vc_custom_1621871795609{margin-bottom: 0px !important;padding-bottom: 20px !important;}\u00bb]Contacto[\/vc_column_text][vc_column_text el_class=\u00bbbreadcrumb\u00bb][wpseo_breadcrumb][\/vc_column_text][\/vc_column][\/vc_row][vc_row el_class=\u00bbformulario_en_contacto\u00bb][vc_column][vc_column_text]<\/p>\n<h2>Estamos a su disposici\u00f3n para atenderle<\/h2>\n<p>Seleccione por favor su preferencia de idioma y rellene el formulario. Nos pondremos en contacto con Vd. lo antes posible:[\/vc_column_text][vc_column_text]<p class=\"wpcf7-contact-form-not-found\"><strong>Error:<\/strong> Formulario de contacto no encontrado.<\/p>[\/vc_column_text][\/vc_column][\/vc_row][vc_row el_class=\u00bbbloque_aplication_job\u00bb css=\u00bb.vc_custom_1614187407789{background-image: url(http:\/\/ddfluor.com.br\/wp-content\/uploads\/2021\/02\/cabecera_trabajo.jpg?id=794) !important;background-position: center !important;background-repeat: no-repeat !important;background-size: cover !important;}\u00bb][vc_column][vc_row_inner css=\u00bb.vc_custom_1611840536851{padding-top: 40px !important;padding-bottom: 40px !important;}\u00bb][vc_column_inner width=\u00bb1\/2&#8243;][vc_column_text]<\/p>\n<h3 style=\"text-align: center;\">Solicitud de Empleo<\/h3>\n<p>[\/vc_column_text][\/vc_column_inner][vc_column_inner width=\u00bb1\/2&#8243;][vc_btn title=\u00bbAcceder\u00bb align=\u00bbcenter\u00bb link=\u00bburl:http%3A%2F%2Fddfluor.com.br%2Fes%2Fsolicitud-de-empleo%2F|title:Solicitud%20de%20empleo\u00bb][\/vc_column_inner][\/vc_row_inner][\/vc_column][\/vc_row][vc_row el_class=\u00bbbloque_help\u00bb][vc_column][vc_column_text]<\/p>\n<h2>Ayuda y Soporte<\/h2>\n<p>[\/vc_column_text][vc_row_inner css=\u00bb.vc_custom_1611841701184{margin-bottom: 50px !important;}\u00bb][vc_column_inner el_class=\u00bbbloque_soporte bloque_soporte_dos\u00bb][vc_single_image image=\u00bb456&#8243; img_size=\u00bbmedium\u00bb][vc_column_text]<strong>Tel\u00e9fono de emergencia<\/strong> 24 horas <a href=\"tel:34689647910\">(+34) 689 647 910<\/a>[\/vc_column_text][\/vc_column_inner][\/vc_row_inner][vc_row_inner][vc_column_inner width=\u00bb1\/3&#8243;][vc_single_image image=\u00bb458&#8243; img_size=\u00bbmedium\u00bb alignment=\u00bbcenter\u00bb el_class=\u00bbicono_contacto\u00bb][vc_column_text]<\/p>\n<h4 style=\"text-align: center;\">Ayuda y Soporte General<\/h4>\n<p style=\"text-align: center;\"><strong><a href=\"tel:+34942879900\">+34 942 87 99 00<\/a><\/strong><\/p>\n<p>[\/vc_column_text][\/vc_column_inner][vc_column_inner width=\u00bb1\/3&#8243;][vc_single_image image=\u00bb459&#8243; img_size=\u00bbmedium\u00bb alignment=\u00bbcenter\u00bb el_class=\u00bbicono_contacto\u00bb][vc_column_text]<\/p>\n<h4 style=\"text-align: center;\">Contacto Departamento de Ventas<\/h4>\n<p style=\"text-align: center;\">Internacional:<br \/>\n<strong><a href=\"tel:+34942879015\">(+34) 942 87 90 15<\/a><\/strong><br \/>\n<a href=\"mailto:export@ddfluor.com\">export@ddfluor.com<\/a><\/p>\n<p>&nbsp;<\/p>\n<p style=\"text-align: center;\">Venta local:<br \/>\n<strong><a href=\"tel:+34942879913\">(+34) 942 87 99 13<\/a><\/strong><br \/>\n<a href=\"mailto:ventas@ddfluor.com\">ventas@ddfluor.com<\/a><\/p>\n<p>[\/vc_column_text][\/vc_column_inner][vc_column_inner width=\u00bb1\/3&#8243;][vc_single_image image=\u00bb941&#8243; img_size=\u00bbmedium\u00bb alignment=\u00bbcenter\u00bb el_class=\u00bbicono_contacto\u00bb][vc_column_text]<\/p>\n<h4 style=\"text-align: center;\">Direcci\u00f3n Corporativa de DERIVADOS DEL FLUOR, S.A.U.<\/h4>\n<p style=\"text-align: center;\"><strong>Direcci\u00f3n Planta<\/strong><br \/>\nCrta. Nacional 634, Ir\u00fan-La Coru\u00f1a, km. 139 39706 Ont\u00f3n (Cantabria) Espa\u00f1a<\/p>\n<p>&nbsp;<\/p>\n<p style=\"text-align: center;\"><strong>Domicilio social<\/strong><br \/>\nAvda. Algorta n\u00ba16. 48992 Getxo (Vizcaya), Espa\u00f1a<\/p>\n<p>[\/vc_column_text][\/vc_column_inner][\/vc_row_inner][\/vc_column][\/vc_row][vc_row css=\u00bb.vc_custom_1603719298806{padding-top: 50px !important;padding-bottom: 50px !important;}\u00bb][vc_column width=\u00bb1\/2&#8243; el_class=\u00bbbloque_soporte\u00bb css=\u00bb.vc_custom_1603716559155{margin-right: 10px !important;margin-left: 10px !important;}\u00bb][vc_single_image image=\u00bb460&#8243; img_size=\u00bbmedium\u00bb][vc_column_text]Latitud 43\u00b0 21\u00b423.78\u00b4\u00b4 N \u2022 longitud 3\u00b0 10\u00b422.81\u00b4\u00b4 W[\/vc_column_text][\/vc_column][vc_column width=\u00bb1\/2&#8243; el_class=\u00bbbloque_soporte\u00bb css=\u00bb.vc_custom_1603716578439{margin-right: 10px !important;margin-left: 10px !important;}\u00bb][vc_single_image image=\u00bb461&#8243; img_size=\u00bbmedium\u00bb][vc_column_text]<strong style=\"color: #000000 !important;\">Conecta con nosotros en<\/strong> <strong><a href=\"https:\/\/es.linkedin.com\/company\/derivados-del-fluor-sau\" target=\"_blank\" rel=\"noopener\">\/derivados-del-fluor-sau<\/a><\/strong>[\/vc_column_text][\/vc_column][\/vc_row][vc_row full_width=\u00bbstretch_row_content_no_spaces\u00bb][vc_column css=\u00bb.vc_custom_1603719954242{margin-bottom: 0px !important;}\u00bb][vc_column_text css=\u00bb.vc_custom_1612787285155{margin-bottom: 0px !important;border-bottom-width: 0px !important;padding-bottom: 0px !important;}\u00bb]<iframe loading=\"lazy\" style=\"border: 0;\" tabindex=\"0\" src=\"https:\/\/www.google.com\/maps\/embed?pb=!1m14!1m8!1m3!1d11603.82762564484!2d-3.172315!3d43.357012!3m2!1i1024!2i768!4f13.1!3m3!1m2!1s0x0%3A0xd69f5221352b843d!2sDerivados%20del%20Fluor!5e0!3m2!1ses!2ses!4v1612787141791!5m2!1ses!2ses\" width=\"100%\" height=\"450\" frameborder=\"0\" allowfullscreen=\"allowfullscreen\" aria-hidden=\"false\" data-mce-fragment=\"1\"><\/iframe>[\/vc_column_text][\/vc_column][\/vc_row]<\/p>\n<\/div>","protected":false},"excerpt":{"rendered":"<p>[vc_row full_width=\u00bbstretch_row\u00bb css=\u00bb.vc_custom_1613737397109{background-image: url(http:\/\/ddfluor.com.br\/wp-content\/uploads\/2021\/02\/cabecera_contacto.jpg?id=712) !important;background-position: center !important;background-repeat: no-repeat !important;background-size: cover !important;}\u00bb el_class=\u00bbtitular\u00bb][vc_column][vc_column_text css=\u00bb.vc_custom_1621871795609{margin-bottom: 0px !important;padding-bottom: 20px !important;}\u00bb]Contacto[\/vc_column_text][vc_column_text el_class=\u00bbbreadcrumb\u00bb][wpseo_breadcrumb][\/vc_column_text][\/vc_column][\/vc_row][vc_row el_class=\u00bbformulario_en_contacto\u00bb][vc_column][vc_column_text] Estamos a su disposici\u00f3n para atenderle Seleccione por favor su preferencia de idioma y rellene el formulario. Nos pondremos en contacto con Vd. lo antes posible:[\/vc_column_text][vc_column_text][\/vc_column_text][\/vc_column][\/vc_row][vc_row el_class=\u00bbbloque_aplication_job\u00bb css=\u00bb.vc_custom_1614187407789{background-image: url(http:\/\/ddfluor.com.br\/wp-content\/uploads\/2021\/02\/cabecera_trabajo.jpg?id=794) !important;background-position: center !important;background-repeat: no-repeat !important;background-size: cover !important;}\u00bb][vc_column][vc_row_inner [&hellip;]<\/p>\n","protected":false},"author":1,"featured_media":0,"parent":0,"menu_order":0,"comment_status":"closed","ping_status":"closed","template":"","meta":{"_acf_changed":false,"footnotes":""},"class_list":["post-610","page","type-page","status-publish","hentry"],"acf":[],"_links":{"self":[{"href":"http:\/\/www.ddfluor.com.br\/es\/wp-json\/wp\/v2\/pages\/610","targetHints":{"allow":["GET"]}}],"collection":[{"href":"http:\/\/www.ddfluor.com.br\/es\/wp-json\/wp\/v2\/pages"}],"about":[{"href":"http:\/\/www.ddfluor.com.br\/es\/wp-json\/wp\/v2\/types\/page"}],"author":[{"embeddable":true,"href":"http:\/\/www.ddfluor.com.br\/es\/wp-json\/wp\/v2\/users\/1"}],"replies":[{"embeddable":true,"href":"http:\/\/www.ddfluor.com.br\/es\/wp-json\/wp\/v2\/comments?post=610"}],"version-history":[{"count":11,"href":"http:\/\/www.ddfluor.com.br\/es\/wp-json\/wp\/v2\/pages\/610\/revisions"}],"predecessor-version":[{"id":1053,"href":"http:\/\/www.ddfluor.com.br\/es\/wp-json\/wp\/v2\/pages\/610\/revisions\/1053"}],"wp:attachment":[{"href":"http:\/\/www.ddfluor.com.br\/es\/wp-json\/wp\/v2\/media?parent=610"}],"curies":[{"name":"wp","href":"https:\/\/api.w.org\/{rel}","templated":true}]}}