{"id":606,"date":"2021-02-16T12:55:11","date_gmt":"2021-02-16T12:55:11","guid":{"rendered":"http:\/\/ddf.misterblue.es\/?page_id=606\/"},"modified":"2021-03-04T09:09:12","modified_gmt":"2021-03-04T09:09:12","slug":"solicitud-de-empleo","status":"publish","type":"page","link":"http:\/\/www.ddfluor.com.br\/es\/solicitud-de-empleo\/","title":{"rendered":"Solicitud de empleo"},"content":{"rendered":"<div class=\"wpb-content-wrapper\"><p>[vc_row full_width=\u00bbstretch_row\u00bb css=\u00bb.vc_custom_1603727028434{background-image: url(http:\/\/ddfluor.com.br\/wp-content\/uploads\/2020\/10\/cabecera_trabajo.jpg?id=121) !important;background-position: center !important;background-repeat: no-repeat !important;background-size: cover !important;}\u00bb el_class=\u00bbtitular\u00bb][vc_column][vc_column_text css=\u00bb.vc_custom_1613480109769{margin-bottom: 0px !important;padding-bottom: 20px !important;}\u00bb]<\/p>\n<h1>Solicitud de empleo<\/h1>\n<p>[\/vc_column_text][vc_column_text el_class=\u00bbbreadcrumb\u00bb][wpseo_breadcrumb][\/vc_column_text][\/vc_column][\/vc_row][vc_row el_class=\u00bbtxt_job\u00bb][vc_column width=\u00bb2\/3&#8243; css=\u00bb.vc_custom_1603727600417{padding-right: 80px !important;}\u00bb][vc_column_text]<\/p>\n<h4>TRABAJO EN EQUIPO<\/h4>\n<h2>\u00bfEst\u00e1s interesado en unirte a nuestro equipo?<\/h2>\n<p>Todos y cada uno de nuestros empleados desempe\u00f1an un papel crucial para hacer de DDF un l\u00edder en el segmento de fluoruros inorg\u00e1nicos.<\/p>\n<p>Nuestro servicio fiable, de confianza y compromiso, se ve reforzado por una importante interacci\u00f3n humana con nuestros clientes. En DDF, nuestro equipo profesional altamente experimentado est\u00e1 comprometido en brindar sus mejores esfuerzos y experiencia para resolver cualquier incidencia t\u00e9cnica, de calidad, innovaci\u00f3n de productos o soluciones de transporte y log\u00edstica.<\/p>\n<p>El trabajo en equipo es importante en DDF. Fomentamos un ambiente laboral basado en el compa\u00f1erismo, la confianza, el apoyo, el respeto y la cooperaci\u00f3n y trabajamos en mantener una comunicaci\u00f3n abierta y honesta entre nuestros empleados, promoviendo su satisfacci\u00f3n laboral.<\/p>\n<p>Si est\u00e1s interesado en unirte a nuestro equipo, facilita tus datos a continuaci\u00f3n:<\/p>\n<p>[\/vc_column_text][\/vc_column][vc_column width=\u00bb1\/3&#8243;][vc_empty_space height=\u00bb150px\u00bb][vc_single_image image=\u00bb258&#8243; img_size=\u00bbmedium\u00bb][\/vc_column][\/vc_row][vc_row el_class=\u00bbform_job\u00bb][vc_column][vc_column_text]<p class=\"wpcf7-contact-form-not-found\"><strong>Error:<\/strong> Formulario de contacto no encontrado.<\/p>[\/vc_column_text][\/vc_column][\/vc_row]<\/p>\n<\/div>","protected":false},"excerpt":{"rendered":"<p>[vc_row full_width=\u00bbstretch_row\u00bb css=\u00bb.vc_custom_1603727028434{background-image: url(http:\/\/ddfluor.com.br\/wp-content\/uploads\/2020\/10\/cabecera_trabajo.jpg?id=121) !important;background-position: center !important;background-repeat: no-repeat !important;background-size: cover !important;}\u00bb el_class=\u00bbtitular\u00bb][vc_column][vc_column_text css=\u00bb.vc_custom_1613480109769{margin-bottom: 0px !important;padding-bottom: 20px !important;}\u00bb] Solicitud de empleo [\/vc_column_text][vc_column_text el_class=\u00bbbreadcrumb\u00bb][wpseo_breadcrumb][\/vc_column_text][\/vc_column][\/vc_row][vc_row el_class=\u00bbtxt_job\u00bb][vc_column width=\u00bb2\/3&#8243; css=\u00bb.vc_custom_1603727600417{padding-right: 80px !important;}\u00bb][vc_column_text] TRABAJO EN EQUIPO \u00bfEst\u00e1s interesado en unirte a nuestro equipo? Todos y cada uno de nuestros empleados desempe\u00f1an un papel crucial para hacer de DDF un l\u00edder en [&hellip;]<\/p>\n","protected":false},"author":1,"featured_media":0,"parent":0,"menu_order":0,"comment_status":"closed","ping_status":"closed","template":"","meta":{"_acf_changed":false,"footnotes":""},"class_list":["post-606","page","type-page","status-publish","hentry"],"acf":[],"_links":{"self":[{"href":"http:\/\/www.ddfluor.com.br\/es\/wp-json\/wp\/v2\/pages\/606","targetHints":{"allow":["GET"]}}],"collection":[{"href":"http:\/\/www.ddfluor.com.br\/es\/wp-json\/wp\/v2\/pages"}],"about":[{"href":"http:\/\/www.ddfluor.com.br\/es\/wp-json\/wp\/v2\/types\/page"}],"author":[{"embeddable":true,"href":"http:\/\/www.ddfluor.com.br\/es\/wp-json\/wp\/v2\/users\/1"}],"replies":[{"embeddable":true,"href":"http:\/\/www.ddfluor.com.br\/es\/wp-json\/wp\/v2\/comments?post=606"}],"version-history":[{"count":3,"href":"http:\/\/www.ddfluor.com.br\/es\/wp-json\/wp\/v2\/pages\/606\/revisions"}],"predecessor-version":[{"id":862,"href":"http:\/\/www.ddfluor.com.br\/es\/wp-json\/wp\/v2\/pages\/606\/revisions\/862"}],"wp:attachment":[{"href":"http:\/\/www.ddfluor.com.br\/es\/wp-json\/wp\/v2\/media?parent=606"}],"curies":[{"name":"wp","href":"https:\/\/api.w.org\/{rel}","templated":true}]}}