{"id":598,"date":"2021-02-16T12:50:36","date_gmt":"2021-02-16T12:50:36","guid":{"rendered":"http:\/\/ddf.misterblue.es\/?page_id=598\/"},"modified":"2021-05-31T11:34:36","modified_gmt":"2021-05-31T11:34:36","slug":"responsabilidad-social-corporativa","status":"publish","type":"page","link":"http:\/\/www.ddfluor.com.br\/es\/responsabilidad-social-corporativa\/","title":{"rendered":"Responsabilidad Social Corporativa"},"content":{"rendered":"<div class=\"wpb-content-wrapper\"><p>[vc_row full_width=\u00bbstretch_row\u00bb css=\u00bb.vc_custom_1613735629899{padding-top: 100px !important;padding-bottom: 100px !important;background-image: url(http:\/\/ddfluor.com.br\/wp-content\/uploads\/2021\/02\/cabecera_csr_1.jpg?id=714) !important;background-position: center !important;background-repeat: no-repeat !important;background-size: cover !important;}\u00bb el_class=\u00bbtitular\u00bb][vc_column][vc_column_text css=\u00bb.vc_custom_1621871705359{margin-bottom: 0px !important;padding-bottom: 20px !important;}\u00bb]RSC[\/vc_column_text][vc_column_text el_class=\u00bbbreadcrumb\u00bb][wpseo_breadcrumb][\/vc_column_text][\/vc_column][\/vc_row][vc_row gap=\u00bb35&#8243; equal_height=\u00bbyes\u00bb css=\u00bb.vc_custom_1603708236568{padding-top: 20px !important;}\u00bb el_class=\u00bbaboutus_contenido\u00bb][vc_column][vc_column_text]<\/p>\n<h2 style=\"text-align: center;\">NUESTROS VALORES<\/h2>\n<p style=\"text-align: center;\">DERIVADOS DEL FLUOR tiene un compromiso firme en mantener una actitud \u00e9tica, social y medioambiental responsable respecto a sus procesos de fabricaci\u00f3n y cadena de suministro.<br \/>\nNos esforzamos por el desarrollo sostenible y apoyamos los principios del Pacto Mundial de las Naciones Unidas.<\/p>\n<p>[\/vc_column_text][\/vc_column][\/vc_row][vc_row full_width=\u00bbstretch_row\u00bb el_class=\u00bbcontenedor_rebasado\u00bb][vc_column width=\u00bb1\/2&#8243; el_class=\u00bbparrafada\u00bb][vc_column_text css=\u00bb.vc_custom_1621437347990{padding-right: 80px !important;}\u00bb]Nuestra <a href=\"http:\/\/ddfluor.com.br\/wp-content\/uploads\/2021\/05\/DDF_Politica_Calidad_Seg_MA.pdf\" target=\"_blank\" rel=\"noopener\">Pol\u00edtica de Calidad, Medio Ambiente, Seguridad y Salud<\/a>, es difundida a todos los niveles de la organizaci\u00f3n y recoge los compromisos de DDF para garantizar el desarrollo de la actividad con el m\u00e1ximo nivel de calidad, seguridad y protecci\u00f3n al medioambiente.<\/p>\n<p>Desde 2011, formamos parte de la iniciativa Together for Sustainability (TfS). Se trata de un programa global apoyado por los principales l\u00edderes europeos de la industria qu\u00edmica, para evaluar, auditar y mejorar las pr\u00e1cticas de sostenibilidad.<\/p>\n<p>El programa se basa en la evaluaci\u00f3n continua e independiente por parte de terceros, de un conjunto predefinido de criterios que se comparte con nuestros clientes cuando lo solicitan. La evaluaci\u00f3n se realiza a trav\u00e9s de la plataforma Ecovadis y comprende cuatro temas:<\/p>\n<p>\u2022 Ambiente.<br \/>\n\u2022 Derechos laborales y humanos.<br \/>\n\u2022 \u00c9tica.<br \/>\n\u2022 Obtenci\u00f3n sostenible.<\/p>\n<p>Cont\u00e1ctenos para m\u00e1s informaci\u00f3n sobre el compromiso de nuestra empresa con la sustentabilidad.[\/vc_column_text][vc_column_text el_class=\u00bbboton_pagina\u00bb css=\u00bb.vc_custom_1615367353947{margin-top: 60px !important;}\u00bb]<a href=\"http:\/\/ddfluor.com.br\/es\/contacto\/\">contacto<\/a>[\/vc_column_text][\/vc_column][vc_column width=\u00bb1\/2&#8243; el_class=\u00bbimagen_rebasa_derecha imagen_rebasa_derecha_aboutus\u00bb][vc_single_image image=\u00bb195&#8243; img_size=\u00bblarge\u00bb][\/vc_column][\/vc_row][vc_row el_class=\u00bblogos_csr\u00bb][vc_column][vc_column_text]<img loading=\"lazy\" decoding=\"async\" class=\"alignnone size-medium wp-image-205 aligncenter\" src=\"http:\/\/ddfluor.com.br\/wp-content\/uploads\/2020\/10\/sello1-1-300x99.png\" alt=\"\" width=\"300\" height=\"99\" srcset=\"http:\/\/www.ddfluor.com.br\/wp-content\/uploads\/2020\/10\/sello1-1-300x99.png 300w, http:\/\/www.ddfluor.com.br\/wp-content\/uploads\/2020\/10\/sello1-1.png 348w\" sizes=\"auto, (max-width: 300px) 100vw, 300px\" \/><img loading=\"lazy\" decoding=\"async\" class=\"aligncenter wp-image-1064 size-thumbnail\" src=\"http:\/\/ddfluor.com.br\/wp-content\/uploads\/2021\/05\/bronze.22043c3c-150x150.png\" alt=\"\" width=\"150\" height=\"150\" srcset=\"http:\/\/www.ddfluor.com.br\/wp-content\/uploads\/2021\/05\/bronze.22043c3c-150x150.png 150w, http:\/\/www.ddfluor.com.br\/wp-content\/uploads\/2021\/05\/bronze.22043c3c.png 260w\" sizes=\"auto, (max-width: 150px) 100vw, 150px\" \/>[\/vc_column_text][\/vc_column][\/vc_row][vc_row full_width=\u00bbstretch_row\u00bb el_class=\u00bba_full\u00bb css=\u00bb.vc_custom_1603711079713{background-image: url(http:\/\/ddfluor.com.br\/wp-content\/uploads\/2020\/10\/fondo_csr_1.jpg?id=212) !important;background-position: center !important;background-repeat: no-repeat !important;background-size: cover !important;}\u00bb][vc_column width=\u00bb1\/4&#8243;][\/vc_column][vc_column width=\u00bb1\/2&#8243;][vc_column_text]<\/p>\n<h3 style=\"text-align: center;\">Medio ambiente<\/h3>\n<p style=\"text-align: center;\">Nuestro Sistema de Gesti\u00f3n Medioambiental est\u00e1 certificado de acuerdo con la ISO 14001:2015 (disponible para descargar <a href=\"http:\/\/ddfluor.com.br\/wp-content\/uploads\/2021\/05\/CertificadoGA-2000-0088_ES_2021-04-29.pdf\" target=\"_blank\" rel=\"noopener\">aqu\u00ed<\/a>).<\/p>\n<p style=\"text-align: center;\">DERIVADOS DEL FLUOR est\u00e1 comprometido con el cumplimiento de la legislaci\u00f3n europea REACH para el registro, evaluaci\u00f3n y autorizaci\u00f3n de sustancias qu\u00edmicas, y es miembro del Comit\u00e9 Technique Europ\u00e9en du Fluor (CTEF), un grupo sectorial del Consejo Europeo de la Industria Qu\u00edmica (CEFIC), que representa a los principales productores y usuarios de \u00e1cido fluorh\u00eddrico y fluoruros qu\u00edmicos en Europa.<\/p>\n<p style=\"text-align: center;\">El objetivo en nuestra relaci\u00f3n con las autoridades locales y nuestra comunidad es mantener una comunicaci\u00f3n constante, transmitiendo todos los objetivos, logros y actividades en materia medioambiental. El informe SSMA (disponible para descargar <a href=\"http:\/\/ddfluor.com.br\/wp-content\/uploads\/2021\/03\/INFORME-SSMA-DDF-2020.pdf\" target=\"_blank\" rel=\"noopener\">aqu\u00ed<\/a>), refleja las acciones e indicadores m\u00e1s significativos en este campo.<\/p>\n<p>[\/vc_column_text][\/vc_column][vc_column width=\u00bb1\/4&#8243;][\/vc_column][\/vc_row][vc_row full_width=\u00bbstretch_row\u00bb el_class=\u00bba_full\u00bb css=\u00bb.vc_custom_1603711500319{margin-top: 10px !important;background-image: url(http:\/\/ddfluor.com.br\/wp-content\/uploads\/2020\/10\/fondo_csr_2.jpg?id=213) !important;background-position: center !important;background-repeat: no-repeat !important;background-size: cover !important;}\u00bb][vc_column width=\u00bb1\/4&#8243;][\/vc_column][vc_column width=\u00bb1\/2&#8243;][vc_column_text]<\/p>\n<h3 style=\"text-align: center;\">Seguridad<\/h3>\n<p>La salud y seguridad de nuestros empleados es una prioridad b\u00e1sica para nuestra empresa y es gestionada a trav\u00e9s de la norma ISO 45001, en la que estamos certificados (disponible para descargar <a href=\"http:\/\/ddfluor.com.br\/wp-content\/uploads\/2021\/03\/iso45001-spa.pdf\" target=\"_blank\" rel=\"noopener\">aqu\u00ed<\/a>).<\/p>\n<p>Nuestras instalaciones son auditadas peri\u00f3dicamente en cumplimiento de la Directiva 2012\/18\/EU, pero nuestro compromiso con la salud y la seguridad se extiende m\u00e1s all\u00e1 de nuestras instalaciones: contratamos a empresas externas para garantizar la seguridad en toda la cadena de suministro. La tutela del producto se materializa en el control y auditor\u00eda de nuestros socios log\u00edsticos y d\u00e9 respuesta a emergencias, la capacitaci\u00f3n de nuestros clientes y colaboradores y la participaci\u00f3n en programas de asistencia mutua en todo el mundo.[\/vc_column_text][\/vc_column][vc_column width=\u00bb1\/4&#8243;][\/vc_column][\/vc_row]<\/p>\n<\/div>","protected":false},"excerpt":{"rendered":"<p>[vc_row full_width=\u00bbstretch_row\u00bb css=\u00bb.vc_custom_1613735629899{padding-top: 100px !important;padding-bottom: 100px !important;background-image: url(http:\/\/ddfluor.com.br\/wp-content\/uploads\/2021\/02\/cabecera_csr_1.jpg?id=714) !important;background-position: center !important;background-repeat: no-repeat !important;background-size: cover !important;}\u00bb el_class=\u00bbtitular\u00bb][vc_column][vc_column_text css=\u00bb.vc_custom_1621871705359{margin-bottom: 0px !important;padding-bottom: 20px !important;}\u00bb]RSC[\/vc_column_text][vc_column_text el_class=\u00bbbreadcrumb\u00bb][wpseo_breadcrumb][\/vc_column_text][\/vc_column][\/vc_row][vc_row gap=\u00bb35&#8243; equal_height=\u00bbyes\u00bb css=\u00bb.vc_custom_1603708236568{padding-top: 20px !important;}\u00bb el_class=\u00bbaboutus_contenido\u00bb][vc_column][vc_column_text] NUESTROS VALORES DERIVADOS DEL FLUOR tiene un compromiso firme en mantener una actitud \u00e9tica, social y medioambiental responsable respecto a sus procesos de fabricaci\u00f3n y cadena de [&hellip;]<\/p>\n","protected":false},"author":1,"featured_media":0,"parent":0,"menu_order":0,"comment_status":"closed","ping_status":"closed","template":"","meta":{"_acf_changed":false,"footnotes":""},"class_list":["post-598","page","type-page","status-publish","hentry"],"acf":[],"_links":{"self":[{"href":"http:\/\/www.ddfluor.com.br\/es\/wp-json\/wp\/v2\/pages\/598","targetHints":{"allow":["GET"]}}],"collection":[{"href":"http:\/\/www.ddfluor.com.br\/es\/wp-json\/wp\/v2\/pages"}],"about":[{"href":"http:\/\/www.ddfluor.com.br\/es\/wp-json\/wp\/v2\/types\/page"}],"author":[{"embeddable":true,"href":"http:\/\/www.ddfluor.com.br\/es\/wp-json\/wp\/v2\/users\/1"}],"replies":[{"embeddable":true,"href":"http:\/\/www.ddfluor.com.br\/es\/wp-json\/wp\/v2\/comments?post=598"}],"version-history":[{"count":17,"href":"http:\/\/www.ddfluor.com.br\/es\/wp-json\/wp\/v2\/pages\/598\/revisions"}],"predecessor-version":[{"id":1067,"href":"http:\/\/www.ddfluor.com.br\/es\/wp-json\/wp\/v2\/pages\/598\/revisions\/1067"}],"wp:attachment":[{"href":"http:\/\/www.ddfluor.com.br\/es\/wp-json\/wp\/v2\/media?parent=598"}],"curies":[{"name":"wp","href":"https:\/\/api.w.org\/{rel}","templated":true}]}}