{"id":583,"date":"2021-02-16T12:40:53","date_gmt":"2021-02-16T12:40:53","guid":{"rendered":"http:\/\/ddf.misterblue.es\/?page_id=583\/"},"modified":"2021-05-24T15:54:31","modified_gmt":"2021-05-24T15:54:31","slug":"nosotros","status":"publish","type":"page","link":"http:\/\/www.ddfluor.com.br\/es\/nosotros\/","title":{"rendered":"Nosotros"},"content":{"rendered":"<div class=\"wpb-content-wrapper\"><p>[vc_row full_width=\u00bbstretch_row\u00bb css=\u00bb.vc_custom_1603706745037{padding-top: 100px !important;padding-bottom: 100px !important;background-image: url(http:\/\/ddfluor.com.br\/wp-content\/uploads\/2020\/10\/cabecera_aboutus.jpg?id=115) !important;background-position: center !important;background-repeat: no-repeat !important;background-size: cover !important;}\u00bb el_class=\u00bbtitular\u00bb][vc_column][vc_column_text css=\u00bb.vc_custom_1621871653302{margin-bottom: 0px !important;padding-bottom: 20px !important;}\u00bb]Nosotros[\/vc_column_text][vc_column_text el_class=\u00bbbreadcrumb\u00bb][wpseo_breadcrumb][\/vc_column_text][\/vc_column][\/vc_row][vc_row gap=\u00bb35&#8243; equal_height=\u00bbyes\u00bb css=\u00bb.vc_custom_1603708236568{padding-top: 20px !important;}\u00bb el_class=\u00bbaboutus_contenido\u00bb][vc_column][vc_column_text]<\/p>\n<p style=\"text-align: center;\">DDF es una empresa l\u00edder en la producci\u00f3n de fluoruros inorg\u00e1nicos de alta calidad, ofreciendo a sus clientes las soluciones m\u00e1s sostenibles e innovadoras para cumplir con sus necesidades.<\/p>\n<p>[\/vc_column_text][\/vc_column][\/vc_row][vc_row el_class=\u00bbparrafada parrafada_about_us\u00bb][vc_column][vc_column_text]Con m\u00e1s de 80 a\u00f1os de experiencia t\u00e9cnica, DERIVADOS DEL FLUOR (DDF) ofrece una amplia gama de fluoruros inorg\u00e1nicos de alta calidad, que son utilizados en diferentes aplicaciones industriales.<\/p>\n<p>El formar parte del grupo Minersa, uno de los principales productores de fluorita del mundo, con minas en Espa\u00f1a y Sud\u00e1frica, garantiza a DDF un suministro seguro y estable de esta materia prima, para la producci\u00f3n de su completa gama de fluoruros inorg\u00e1nicos.<\/p>\n<p>Estamos orgullosos de nuestra reputaci\u00f3n como suministrador y distribuidor de confianza, lograda en base a:<\/p>\n<ul>\n<li>Colaboraciones de larga duraci\u00f3n con los principales l\u00edderes sectoriales.<\/li>\n<li>Un destacado servicio al cliente, con atenci\u00f3n personalizada.<\/li>\n<li>Productos de alta calidad y flexibilidad para dar soluciones a peticiones y nuevos retos demandados por nuestros clientes, con el soporte de una tecnolog\u00eda de vanguardia y nuestro equipo especializado de I+D.<\/li>\n<li>Exitosa y larga trayectoria en seguridad y calidad.<\/li>\n<li>Un servicio log\u00edstico completo y personalizado, que reporta importantes ventajas econ\u00f3micas y medioambientales a nuestros clientes, con el apoyo de una red global de asociados que garantiza soluciones log\u00edsticas seguras y de confianza.<\/li>\n<\/ul>\n<p>[\/vc_column_text][\/vc_column][\/vc_row][vc_row el_class=\u00bbaboutus_boton\u00bb][vc_column][vc_column_text el_class=\u00bbboton_pagina\u00bb]<a href=\"http:\/\/ddfluor.com.br\/es\/contacto\/\">contacto<\/a>[\/vc_column_text][\/vc_column][\/vc_row]<\/p>\n<\/div>","protected":false},"excerpt":{"rendered":"<p>[vc_row full_width=\u00bbstretch_row\u00bb css=\u00bb.vc_custom_1603706745037{padding-top: 100px !important;padding-bottom: 100px !important;background-image: url(http:\/\/ddfluor.com.br\/wp-content\/uploads\/2020\/10\/cabecera_aboutus.jpg?id=115) !important;background-position: center !important;background-repeat: no-repeat !important;background-size: cover !important;}\u00bb el_class=\u00bbtitular\u00bb][vc_column][vc_column_text css=\u00bb.vc_custom_1621871653302{margin-bottom: 0px !important;padding-bottom: 20px !important;}\u00bb]Nosotros[\/vc_column_text][vc_column_text el_class=\u00bbbreadcrumb\u00bb][wpseo_breadcrumb][\/vc_column_text][\/vc_column][\/vc_row][vc_row gap=\u00bb35&#8243; equal_height=\u00bbyes\u00bb css=\u00bb.vc_custom_1603708236568{padding-top: 20px !important;}\u00bb el_class=\u00bbaboutus_contenido\u00bb][vc_column][vc_column_text] DDF es una empresa l\u00edder en la producci\u00f3n de fluoruros inorg\u00e1nicos de alta calidad, ofreciendo a sus clientes las soluciones m\u00e1s sostenibles e innovadoras para cumplir con [&hellip;]<\/p>\n","protected":false},"author":1,"featured_media":0,"parent":0,"menu_order":0,"comment_status":"closed","ping_status":"closed","template":"","meta":{"_acf_changed":false,"footnotes":""},"class_list":["post-583","page","type-page","status-publish","hentry"],"acf":[],"_links":{"self":[{"href":"http:\/\/www.ddfluor.com.br\/es\/wp-json\/wp\/v2\/pages\/583","targetHints":{"allow":["GET"]}}],"collection":[{"href":"http:\/\/www.ddfluor.com.br\/es\/wp-json\/wp\/v2\/pages"}],"about":[{"href":"http:\/\/www.ddfluor.com.br\/es\/wp-json\/wp\/v2\/types\/page"}],"author":[{"embeddable":true,"href":"http:\/\/www.ddfluor.com.br\/es\/wp-json\/wp\/v2\/users\/1"}],"replies":[{"embeddable":true,"href":"http:\/\/www.ddfluor.com.br\/es\/wp-json\/wp\/v2\/comments?post=583"}],"version-history":[{"count":3,"href":"http:\/\/www.ddfluor.com.br\/es\/wp-json\/wp\/v2\/pages\/583\/revisions"}],"predecessor-version":[{"id":1051,"href":"http:\/\/www.ddfluor.com.br\/es\/wp-json\/wp\/v2\/pages\/583\/revisions\/1051"}],"wp:attachment":[{"href":"http:\/\/www.ddfluor.com.br\/es\/wp-json\/wp\/v2\/media?parent=583"}],"curies":[{"name":"wp","href":"https:\/\/api.w.org\/{rel}","templated":true}]}}